{"id":26123,"date":"2020-12-03T15:44:25","date_gmt":"2020-12-03T08:44:25","guid":{"rendered":"https:\/\/oceansportsvn.com\/try-and-buy\/"},"modified":"2026-02-24T09:20:46","modified_gmt":"2026-02-24T02:20:46","slug":"try-and-buy","status":"publish","type":"page","link":"https:\/\/oceansportsvn.com\/en\/try-and-buy\/","title":{"rendered":"Try and Buy"},"content":{"rendered":"\n<h1 class=\"has-text-align-center\">Ch\u00ednh s\u00e1ch <a href=\"https:\/\/oceansportsvn.com\/en\/try-and-buy\/\">Try and Buy<\/a><\/h1>\n\n<h2 class=\"\"><a href=\"https:\/\/oceansportsvn.com\/en\/try-and-buy\/\">Try and Buy<\/a><\/h2>\n\n<div class=\"wp-block-group\"><div class=\"wp-block-group__inner-container is-layout-flow wp-block-group-is-layout-flow\">\n<div class=\"wp-block-group\"><div class=\"wp-block-group__inner-container is-layout-flow wp-block-group-is-layout-flow\">\n<p class=\"\" style=\"font-family:Arial; font-size:28px\">Ch\u00ednh s\u00e1ch &#8220;Try and Buy&#8221; \u0111\u01b0\u1ee3c h\u00ecnh th\u00e0nh nh\u1eb1m gi\u00fap kh\u00e1ch h\u00e0ng c\u00f3 m\u1ed9t tr\u1ea3i nghi\u1ec7m c\u00e1c m\u1eabu fins t\u1eeb c\u01a1 b\u1ea3n t\u1edbi cao c\u1ea5p t\u1eeb c\u00e1c h\u00e3ng \u0111\u1ec3 c\u00f3 m\u1ed9t c\u00e1i nh\u00ecn t\u1ed5ng quan tr\u01b0\u1edbc khi mua. Ch\u00fang t\u00f4i t\u1ef1 h\u00e0o l\u00e0 c\u1eeda h\u00e0ng b\u00e1n \u0111\u1ed3 l\u1eb7n \u0111\u1ea7u ti\u00ean t\u1ea1i Vi\u1ec7t Nam \u00e1p d\u1ee5ng ch\u00ednh s\u00e1ch n\u00e0y. <\/p>\n<\/div><\/div>\n<\/div><\/div>\n\n<p class=\"\" style=\"font-family:Arial; font-size:28px\">B\u00ean c\u1ea1nh \u0111\u00f3\nch\u00fang t\u00f4i c\u00f3 th\u1ec3 m\u1edf r\u1ed9ng ch\u00ednh s\u00e1ch &#8220;Try and Buy&#8221; b\u1eb1ng c\u00e1ch cho\nkh\u00e1ch h\u00e0ng thu\u00ea fins nhi\u1ec1u ng\u00e0y.<\/p>\n\n<h2 class=\"\">N\u1ed9i dung ch\u00ednh s\u00e1ch:<\/h2>\n\n<ul class=\"wp-block-list\" style=\"font-size:27px\"><li>Kh\u00e1ch h\u00e0ng c\u00f3 quy\u1ec1n \u0111\u01b0\u1ee3c h\u01b0\u1edfng ch\u00ednh s\u00e1ch \u201cTry and Buy\u201d trong 1 ng\u00e0y khi c\u00f3 \u00fd \u0111\u1ecbnh mua fins. Ch\u00ednh s\u00e1ch kh\u00f4ng \u00e1p d\u1ee5ng t\u1eeb 2 ng\u00e0y tr\u1edf l\u00ean. <\/li><li>\u0110\u1ed1i v\u1edbi tr\u01b0\u1eddng h\u1ee3p kh\u00e1ch h\u00e0ng kh\u00f4ng t\u00ecm \u0111\u01b0\u1ee3c m\u1eabu fins \u01b0ng \u00fd sau 1 ng\u00e0y tr\u1ea3i nghi\u1ec7m ch\u00ednh s\u00e1ch \u201cTry and Buy\u201d th\u00ec qu\u00fd kh\u00e1ch c\u00f3 tr\u00e1ch nhi\u1ec7m thanh to\u00e1n ti\u1ec1n thu\u00ea fins 1 ng\u00e0y \u0111\u00f3.<\/li><li>\u0110\u1ed1i v\u1edbi vi\u1ec7c thu\u00ea fins, qu\u00fd kh\u00e1ch c\u00f3 th\u1ec3 thu\u00ea b\u1ea5t c\u1ee9 m\u1eabu fins t\u1eeb nhi\u1ec1u ch\u1ea5t li\u1ec7u kh\u00e1c nhau m\u00e0 qu\u00fd kh\u00e1ch mu\u1ed1n. N\u1ebfu qu\u00fd kh\u00e1ch thu\u00ea fins t\u1eeb 3 ng\u00e0y tr\u1edf l\u00ean th\u00ec thanh to\u00e1n s\u1ebd ch\u1ec9 t\u00ednh 2 ng\u00e0y. <\/li><li>Kh\u00e1ch thu\u00ea fins c\u00f3 tr\u00e1ch nhi\u1ec7m \u0111\u1eb7t c\u1ecdc 100% gi\u00e1 tr\u1ecb fins tr\u01b0\u1edbc khi thu\u00ea, ti\u1ec1n s\u1ebd \u0111\u01b0\u1ee3c kh\u1ea5u tr\u1eeb v\u00e0 tr\u1ea3 l\u1ea1i cho qu\u00fd kh\u00e1ch sau khi fins \u0111\u01b0\u1ee3c tr\u1ea3 l\u1ea1i c\u1eeda h\u00e0ng. Kh\u00e1ch h\u00e0ng c\u00f3 tr\u00e1ch nhi\u1ec7m b\u1ea3o v\u1ec7, gi\u1eef g\u00ecn fins tr\u00e1nh tr\u01b0\u1eddng h\u1ee3p m\u1ea5t ho\u1eb7c g\u00e3y. <\/li><li>Ch\u1ec9 \u00e1p d\u1ee5ng t\u1ea1i khu v\u1ef1c Quy Nh\u01a1n.<\/li><\/ul>\n\n<div class=\"wp-block-media-text alignwide has-media-on-the-right is-stacked-on-mobile is-vertically-aligned-top unset-full-width has-pale-cyan-blue-background-color has-background\"><figure class=\"wp-block-media-text__media\"><img loading=\"lazy\" decoding=\"async\" width=\"1024\" height=\"1024\" src=\"https:\/\/oceansportsvn.com\/wp-content\/uploads\/2023\/03\/Mares-X-Wing-Pro-Rental-1024x1024.jpg\" alt=\"\" class=\"wp-image-19658 size-full\" title=\"\" srcset=\"https:\/\/oceansportsvn.com\/wp-content\/uploads\/2023\/03\/Mares-X-Wing-Pro-Rental-1024x1024.jpg 1024w, https:\/\/oceansportsvn.com\/wp-content\/uploads\/2023\/03\/Mares-X-Wing-Pro-Rental-300x300.jpg 300w, https:\/\/oceansportsvn.com\/wp-content\/uploads\/2023\/03\/Mares-X-Wing-Pro-Rental-150x150.jpg 150w, https:\/\/oceansportsvn.com\/wp-content\/uploads\/2023\/03\/Mares-X-Wing-Pro-Rental-768x768.jpg 768w, https:\/\/oceansportsvn.com\/wp-content\/uploads\/2023\/03\/Mares-X-Wing-Pro-Rental-1536x1536.jpg 1536w, https:\/\/oceansportsvn.com\/wp-content\/uploads\/2023\/03\/Mares-X-Wing-Pro-Rental-39x39.jpg 39w, https:\/\/oceansportsvn.com\/wp-content\/uploads\/2023\/03\/Mares-X-Wing-Pro-Rental-18x18.jpg 18w, https:\/\/oceansportsvn.com\/wp-content\/uploads\/2023\/03\/Mares-X-Wing-Pro-Rental-25x25.jpg 25w, https:\/\/oceansportsvn.com\/wp-content\/uploads\/2023\/03\/Mares-X-Wing-Pro-Rental-100x100.jpg 100w, https:\/\/oceansportsvn.com\/wp-content\/uploads\/2023\/03\/Mares-X-Wing-Pro-Rental.jpg 2048w\" sizes=\"auto, (max-width: 1024px) 100vw, 1024px\" \/><\/figure><div class=\"wp-block-media-text__content\">\n<p class=\"has-large-font-size\">Fins Nh\u1ef1a Cao C\u1ea5p<\/p>\n<p style=\"font-family:Arial; font-size:18px\">L\u1ef1a ch\u1ecdn ph\u00f9 h\u1ee3p cho c\u00e1c diver l\u00e0m quen v\u1edbi long fins khi m\u1edbi b\u1eaft \u0111\u1ea7u.<\/p>\n<p style=\"font-family:Arial; font-size:18px\">Ch\u1ec9 v\u1edbi 250.000 VN\u0110 m\u1ed7i ng\u00e0y.<\/p>\n<p style=\"font-family:Arial; font-size:18px\">Bao g\u1ed3m:<\/p>\n<ul>\n<li style=\"font-family:Arial; font-size:18px\">1 \u0110\u00f4i fins nh\u1ef1a,<\/li>\n<li style=\"font-family:Arial; font-size:18px\">1 T\u00fai \u0111\u1ef1ng fins,<\/li>\n<li style=\"font-family:Arial; font-size:18px\">1 T\u1ea5t l\u1eb7n 3mm,<\/li>\n<li style=\"font-family:Arial; font-size:18px\"><br\/><br\/><br\/><br\/><br\/><br\/><br\/><br\/><br\/><br\/><br\/><br\/><br\/><br\/><br\/><br\/><br\/><br\/><br\/><br\/><br\/><br\/><br\/><br\/><br\/><br\/>1 B\u1ed9 k\u00ednh l\u1eb7n v\u00e0 \u1ed1ng th\u1edf.<\/li>\n<\/ul>\n<p style=\"font-family:Arial; font-size:18px\">H\u00e3ng:<\/p>\n<ul>\n<li style=\"font-family:Arial; font-size:18px\">Mares, HO\u1eb6C<\/li>\n<li style=\"font-family:Arial; font-size:18px\">C4<\/li>\n<\/ul>\n<\/div><\/div>\n\n<div class=\"wp-block-buttons is-content-justification-center is-layout-flex wp-block-buttons-is-layout-flex\">\n<div class=\"wp-block-button\"><a class=\"wp-block-button__link\" href=\"https:\/\/www.facebook.com\/messages\/t\/270159463524833\" target=\"_blank\" rel=\"noreferrer noopener\">Li\u00ean h\u1ec7 ngay<\/a><\/div>\n<\/div>\n\n<div class=\"wp-block-media-text alignwide is-stacked-on-mobile is-vertically-aligned-top unset-full-width has-pale-cyan-blue-background-color has-background\"><figure class=\"wp-block-media-text__media\"><img loading=\"lazy\" decoding=\"async\" width=\"1024\" height=\"839\" src=\"https:\/\/oceansportsvn.com\/wp-content\/uploads\/2020\/12\/Fiberglass-Fins-1024x839.png\" alt=\"&lt;br&gt;&lt;br&gt;&lt;br&gt;Leaderfins Ice White 1\n\" class=\"wp-image-10337 size-full\" title=\"\" srcset=\"https:\/\/oceansportsvn.com\/wp-content\/uploads\/2020\/12\/Fiberglass-Fins-1024x839.png 1024w, https:\/\/oceansportsvn.com\/wp-content\/uploads\/2020\/12\/Fiberglass-Fins-300x246.png 300w, https:\/\/oceansportsvn.com\/wp-content\/uploads\/2020\/12\/Fiberglass-Fins-768x630.png 768w, https:\/\/oceansportsvn.com\/wp-content\/uploads\/2020\/12\/Fiberglass-Fins.png 1520w\" sizes=\"auto, (max-width: 1024px) 100vw, 1024px\" \/><\/figure><div class=\"wp-block-media-text__content\">\n<p class=\"has-large-font-size\">Fins Fiberglass<\/p>\n<p style=\"font-family:Arial; font-size:18px\">L\u1ef1a ch\u1ecdn n\u00e2ng c\u1ea5p cho diver sau khi l\u00e0m quen v\u1edbi long fins \u0111\u1ec3 tr\u1ea3i nghi\u1ec7m ch\u1ea5t li\u1ec7u m\u1edbi.<\/p>\n<p style=\"font-family:Arial; font-size:18px\">Ch\u1ec9 v\u1edbi 400.000 VN\u0110 m\u1ed7i ng\u00e0y.<\/p>\n<p style=\"font-family:Arial; font-size:18px\">Bao g\u1ed3m:<\/p>\n<ul>\n<li style=\"font-family:Arial; font-size:18px\">1 \u0110\u00f4i fins fiberglass,<\/li>\n<li style=\"font-family:Arial; font-size:18px\">1 T\u00fai \u0111\u1ef1ng fins,<\/li>\n<li style=\"font-family:Arial; font-size:18px\"><br\/><br\/><br\/><br\/><br\/><br\/><br\/><br\/>1 T\u1ea5t l\u1eb7n 3mm<\/li>\n<li style=\"font-family:Arial; font-size:18px\"><br\/><br\/><br\/><br\/><br\/><br\/><br\/><br\/><br\/><br\/><br\/><br\/><br\/><br\/><br\/><br\/><br\/><br\/><br\/><br\/><br\/><br\/><br\/><br\/><br\/><br\/>1 B\u1ed9 k\u00ednh l\u1eb7n v\u00e0 \u1ed1ng th\u1edf.<\/li>\n<\/ul>\n<p style=\"font-family:Arial; font-size:18px\">H\u00e3ng:<\/p>\n<ul>\n<li style=\"font-family:Arial; font-size:18px\">Leaderfins<\/li>\n<\/ul>\n<\/div><\/div>\n\n<div class=\"wp-block-buttons is-content-justification-center is-layout-flex wp-block-buttons-is-layout-flex\">\n<div class=\"wp-block-button\"><a class=\"wp-block-button__link\" href=\"https:\/\/www.facebook.com\/messages\/t\/270159463524833\" target=\"_blank\" rel=\"noreferrer noopener\">Li\u00ean h\u1ec7 ngay<\/a><\/div>\n<\/div>\n\n<div class=\"wp-block-media-text alignwide has-media-on-the-right is-stacked-on-mobile is-vertically-aligned-top unset-full-width has-pale-cyan-blue-background-color has-background\"><figure class=\"wp-block-media-text__media\"><img loading=\"lazy\" decoding=\"async\" width=\"1024\" height=\"1024\" src=\"https:\/\/oceansportsvn.com\/wp-content\/uploads\/2023\/03\/Leaderfins-Pure-Carbon-Rental-1024x1024.jpeg\" alt=\"\" class=\"wp-image-19656 size-full\" title=\"\" srcset=\"https:\/\/oceansportsvn.com\/wp-content\/uploads\/2023\/03\/Leaderfins-Pure-Carbon-Rental-1024x1024.jpeg 1024w, https:\/\/oceansportsvn.com\/wp-content\/uploads\/2023\/03\/Leaderfins-Pure-Carbon-Rental-300x300.jpeg 300w, https:\/\/oceansportsvn.com\/wp-content\/uploads\/2023\/03\/Leaderfins-Pure-Carbon-Rental-150x150.jpeg 150w, https:\/\/oceansportsvn.com\/wp-content\/uploads\/2023\/03\/Leaderfins-Pure-Carbon-Rental-768x768.jpeg 768w, https:\/\/oceansportsvn.com\/wp-content\/uploads\/2023\/03\/Leaderfins-Pure-Carbon-Rental-1536x1536.jpeg 1536w, https:\/\/oceansportsvn.com\/wp-content\/uploads\/2023\/03\/Leaderfins-Pure-Carbon-Rental-39x39.jpeg 39w, https:\/\/oceansportsvn.com\/wp-content\/uploads\/2023\/03\/Leaderfins-Pure-Carbon-Rental-18x18.jpeg 18w, https:\/\/oceansportsvn.com\/wp-content\/uploads\/2023\/03\/Leaderfins-Pure-Carbon-Rental-25x25.jpeg 25w, https:\/\/oceansportsvn.com\/wp-content\/uploads\/2023\/03\/Leaderfins-Pure-Carbon-Rental-100x100.jpeg 100w, https:\/\/oceansportsvn.com\/wp-content\/uploads\/2023\/03\/Leaderfins-Pure-Carbon-Rental.jpeg 2048w\" sizes=\"auto, (max-width: 1024px) 100vw, 1024px\" \/><\/figure><div class=\"wp-block-media-text__content\">\n<p class=\"has-large-font-size\">Fins Pure Carbon<\/p>\n<p style=\"font-family:Arial; font-size:18px\">L\u1ef1a ch\u1ecdn chuy\u00ean nghi\u1ec7p cho diver mu\u1ed1n t\u00ecm ki\u1ebfm hi\u1ec7u su\u1ea5t cao v\u00e0 ch\u1ea5t li\u1ec7u t\u1ed1t nh\u1ea5t.<\/p>\n<p style=\"font-family:Arial; font-size:18px\">Ch\u1ec9 v\u1edbi 550.000 VN\u0110 m\u1ed7i ng\u00e0y.<\/p>\n<p style=\"font-family:Arial; font-size:18px\">Bao g\u1ed3m:<\/p>\n<ul>\n<li style=\"font-family:Arial; font-size:18px\">1 \u0110\u00f4i fins pure carbon,<\/li>\n<li style=\"font-family:Arial; font-size:18px\">1 T\u00fai \u0111\u1ef1ng fins,<\/li>\n<li style=\"font-family:Arial; font-size:18px\">1 T\u1ea5t l\u1eb7n 3mm,<\/li>\n<li style=\"font-family:Arial; font-size:18px\"><br\/><br\/><br\/><br\/><br\/><br\/><br\/><br\/><br\/><br\/><br\/><br\/><br\/><br\/><br\/><br\/><br\/><br\/><br\/><br\/><br\/><br\/><br\/><br\/><br\/><br\/>1 B\u1ed9 k\u00ednh l\u1eb7n v\u00e0 \u1ed1ng th\u1edf.<\/li>\n<\/ul>\n<p style=\"font-family:Arial; font-size:18px\">H\u00e3ng:<\/p>\n<ul>\n<li style=\"font-family:Arial; font-size:18px\">Leaderfins, HO\u1eb6C<\/li>\n<li style=\"font-family:Arial; font-size:18px\">C4<\/li>\n<\/ul>\n<\/div><\/div>\n\n<div class=\"wp-block-buttons is-content-justification-center is-layout-flex wp-block-buttons-is-layout-flex\">\n<div class=\"wp-block-button\"><a class=\"wp-block-button__link\" href=\"https:\/\/www.facebook.com\/messages\/t\/270159463524833\" target=\"_blank\" rel=\"noreferrer noopener\">Li\u00ean h\u1ec7 ngay<\/a><\/div>\n<\/div>\n","protected":false},"excerpt":{"rendered":"<p>Ch\u00ednh s\u00e1ch Try and Buy Try and Buy Ch\u00ednh s\u00e1ch &#8220;Try and Buy&#8221; \u0111\u01b0\u1ee3c h\u00ecnh th\u00e0nh nh\u1eb1m gi\u00fap kh\u00e1ch h\u00e0ng c\u00f3 m\u1ed9t tr\u1ea3i nghi\u1ec7m c\u00e1c m\u1eabu fins t\u1eeb c\u01a1 b\u1ea3n t\u1edbi cao c\u1ea5p t\u1eeb c\u00e1c h\u00e3ng \u0111\u1ec3 c\u00f3 m\u1ed9t c\u00e1i nh\u00ecn t\u1ed5ng quan tr\u01b0\u1edbc khi mua. Ch\u00fang t\u00f4i t\u1ef1 h\u00e0o l\u00e0 c\u1eeda h\u00e0ng b\u00e1n \u0111\u1ed3 [&hellip;]<\/p>\n","protected":false},"author":1,"featured_media":0,"parent":0,"menu_order":0,"comment_status":"closed","ping_status":"closed","template":"","meta":{"_acf_changed":false,"footnotes":""},"class_list":["post-26123","page","type-page","status-publish","hentry"],"acf":[],"_links":{"self":[{"href":"https:\/\/oceansportsvn.com\/en\/wp-json\/wp\/v2\/pages\/26123","targetHints":{"allow":["GET"]}}],"collection":[{"href":"https:\/\/oceansportsvn.com\/en\/wp-json\/wp\/v2\/pages"}],"about":[{"href":"https:\/\/oceansportsvn.com\/en\/wp-json\/wp\/v2\/types\/page"}],"author":[{"embeddable":true,"href":"https:\/\/oceansportsvn.com\/en\/wp-json\/wp\/v2\/users\/1"}],"replies":[{"embeddable":true,"href":"https:\/\/oceansportsvn.com\/en\/wp-json\/wp\/v2\/comments?post=26123"}],"version-history":[{"count":0,"href":"https:\/\/oceansportsvn.com\/en\/wp-json\/wp\/v2\/pages\/26123\/revisions"}],"wp:attachment":[{"href":"https:\/\/oceansportsvn.com\/en\/wp-json\/wp\/v2\/media?parent=26123"}],"curies":[{"name":"wp","href":"https:\/\/api.w.org\/{rel}","templated":true}]}}